{"id":2462,"date":"2023-07-19T09:32:35","date_gmt":"2023-07-19T07:32:35","guid":{"rendered":"https:\/\/www.dlms.it\/?page_id=2462"},"modified":"2023-10-19T14:40:21","modified_gmt":"2023-10-19T12:40:21","slug":"contactenos","status":"publish","type":"page","link":"https:\/\/www.dlms.it\/es\/contactenos\/","title":{"rendered":"Contactenos"},"content":{"rendered":"\t\t<div data-elementor-type=\"wp-page\" data-elementor-id=\"2462\" class=\"elementor elementor-2462 elementor-1324\" data-elementor-post-type=\"page\">\n\t\t\t\t\t\t\t<div class=\"elementor-element elementor-element-a2cf9f2 e-con-full e-flex e-con e-parent\" data-id=\"a2cf9f2\" data-element_type=\"container\" data-settings=\"{&quot;content_width&quot;:&quot;full&quot;,&quot;background_background&quot;:&quot;classic&quot;,&quot;jet_parallax_layout_list&quot;:[],&quot;background_motion_fx_motion_fx_scrolling&quot;:&quot;yes&quot;,&quot;background_motion_fx_scale_effect&quot;:&quot;yes&quot;,&quot;background_motion_fx_scale_direction&quot;:&quot;out-in&quot;,&quot;background_motion_fx_scale_speed&quot;:{&quot;unit&quot;:&quot;px&quot;,&quot;size&quot;:4,&quot;sizes&quot;:[]},&quot;background_motion_fx_scale_range&quot;:{&quot;unit&quot;:&quot;%&quot;,&quot;size&quot;:&quot;&quot;,&quot;sizes&quot;:{&quot;start&quot;:20,&quot;end&quot;:80}},&quot;background_motion_fx_devices&quot;:[&quot;desktop&quot;,&quot;laptop&quot;,&quot;tablet&quot;,&quot;mobile&quot;]}\" data-core-v316-plus=\"true\">\n\t\t<div class=\"elementor-element elementor-element-65ad48e e-flex e-con-boxed e-con e-child\" data-id=\"65ad48e\" data-element_type=\"container\" data-settings=\"{&quot;jet_parallax_layout_list&quot;:[],&quot;content_width&quot;:&quot;boxed&quot;}\">\n\t\t\t\t\t<div class=\"e-con-inner\">\n\t\t\t\t\t<\/div>\n\t\t\t\t<\/div>\n\t\t\t\t<\/div>\n\t\t<div class=\"elementor-element elementor-element-1addecc8 e-flex e-con-boxed e-con e-parent\" data-id=\"1addecc8\" data-element_type=\"container\" data-settings=\"{&quot;background_background&quot;:&quot;classic&quot;,&quot;jet_parallax_layout_list&quot;:[],&quot;content_width&quot;:&quot;boxed&quot;}\" data-core-v316-plus=\"true\">\n\t\t\t\t\t<div class=\"e-con-inner\">\n\t\t<div class=\"elementor-element elementor-element-2e3a768e e-con-full e-flex e-con e-child\" data-id=\"2e3a768e\" data-element_type=\"container\" data-settings=\"{&quot;content_width&quot;:&quot;full&quot;,&quot;jet_parallax_layout_list&quot;:[]}\">\n\t\t<div class=\"elementor-element elementor-element-36b6173f e-con-full e-flex e-con e-child\" data-id=\"36b6173f\" data-element_type=\"container\" data-settings=\"{&quot;jet_parallax_layout_list&quot;:[],&quot;content_width&quot;:&quot;full&quot;}\">\n\t\t\t\t<div class=\"elementor-element elementor-element-7aaa1322 elementor-widget elementor-widget-heading\" data-id=\"7aaa1322\" data-element_type=\"widget\" data-widget_type=\"heading.default\">\n\t\t\t\t<div class=\"elementor-widget-container\">\n\t\t\t<style>\/*! elementor - v3.17.0 - 25-10-2023 *\/\n.elementor-heading-title{padding:0;margin:0;line-height:1}.elementor-widget-heading .elementor-heading-title[class*=elementor-size-]>a{color:inherit;font-size:inherit;line-height:inherit}.elementor-widget-heading .elementor-heading-title.elementor-size-small{font-size:15px}.elementor-widget-heading .elementor-heading-title.elementor-size-medium{font-size:19px}.elementor-widget-heading .elementor-heading-title.elementor-size-large{font-size:29px}.elementor-widget-heading .elementor-heading-title.elementor-size-xl{font-size:39px}.elementor-widget-heading .elementor-heading-title.elementor-size-xxl{font-size:59px}<\/style><h2 class=\"elementor-heading-title elementor-size-default\">Contactenos<\/h2>\t\t<\/div>\n\t\t\t\t<\/div>\n\t\t\t\t<div class=\"elementor-element elementor-element-64aa891 elementor-widget elementor-widget-heading\" data-id=\"64aa891\" data-element_type=\"widget\" data-widget_type=\"heading.default\">\n\t\t\t\t<div class=\"elementor-widget-container\">\n\t\t\t<h2 class=\"elementor-heading-title elementor-size-default\">De Lorenzi Miccich\u00e9 Scalera Spada \n<br>Avvocati Associati<\/h2>\t\t<\/div>\n\t\t\t\t<\/div>\n\t\t\t\t<div class=\"elementor-element elementor-element-37e84c8 link-avvocato elementor-widget elementor-widget-text-editor\" data-id=\"37e84c8\" data-element_type=\"widget\" data-widget_type=\"text-editor.default\">\n\t\t\t\t<div class=\"elementor-widget-container\">\n\t\t\t<style>\/*! elementor - v3.17.0 - 25-10-2023 *\/\n.elementor-widget-text-editor.elementor-drop-cap-view-stacked .elementor-drop-cap{background-color:#69727d;color:#fff}.elementor-widget-text-editor.elementor-drop-cap-view-framed .elementor-drop-cap{color:#69727d;border:3px solid;background-color:transparent}.elementor-widget-text-editor:not(.elementor-drop-cap-view-default) .elementor-drop-cap{margin-top:8px}.elementor-widget-text-editor:not(.elementor-drop-cap-view-default) .elementor-drop-cap-letter{width:1em;height:1em}.elementor-widget-text-editor .elementor-drop-cap{float:left;text-align:center;line-height:1;font-size:50px}.elementor-widget-text-editor .elementor-drop-cap-letter{display:inline-block}<\/style>\t\t\t\t<p>Via Cesare Battisti, 11 \u2013 20122 Milano<br \/><span style=\"color: #161a14;\">Tel.<\/span> +39 02 84073250<br \/><span style=\"color: #161a14;\">Fax<\/span> +39 02 39292764<br \/><span style=\"color: #161a14;\">e-mail:<\/span> <a href=\"mailto:info@dlms.it\">info@dlms.it<\/a><\/p><p>Parqueadero vigilado a 100 metros de distancia en v\u00eda Corridoni.<\/p>\t\t\t\t\t\t<\/div>\n\t\t\t\t<\/div>\n\t\t\t\t<\/div>\n\t\t\t\t<\/div>\n\t\t<div class=\"elementor-element elementor-element-6939a96 e-con-full e-flex e-con e-child\" data-id=\"6939a96\" data-element_type=\"container\" data-settings=\"{&quot;content_width&quot;:&quot;full&quot;,&quot;jet_parallax_layout_list&quot;:[]}\">\n\t\t<div class=\"elementor-element elementor-element-9e42416 e-con-full e-flex e-con e-child\" data-id=\"9e42416\" data-element_type=\"container\" data-settings=\"{&quot;jet_parallax_layout_list&quot;:[],&quot;content_width&quot;:&quot;full&quot;}\">\n\t\t\t\t<div class=\"elementor-element elementor-element-ac4962b elementor-widget elementor-widget-heading\" data-id=\"ac4962b\" data-element_type=\"widget\" data-widget_type=\"heading.default\">\n\t\t\t\t<div class=\"elementor-widget-container\">\n\t\t\t<h2 class=\"elementor-heading-title elementor-size-default\">Trabaje Con Nosotros<\/h2>\t\t<\/div>\n\t\t\t\t<\/div>\n\t\t\t\t<div class=\"elementor-element elementor-element-49f285e link-avvocato elementor-widget elementor-widget-text-editor\" data-id=\"49f285e\" data-element_type=\"widget\" data-widget_type=\"text-editor.default\">\n\t\t\t\t<div class=\"elementor-widget-container\">\n\t\t\t\t\t\t\t<p>La firma tiene inter\u00e9s en recibir candidaturas de j\u00f3venes talentosos deseosos de desarrollar su potencial.<\/p><p>Los interesados pueden enviar su curriculum vitae a la siguiente direcci\u00f3n:\u00a0<a href=\"mailto:info@dlms.it\">info@dlms.it<\/a><\/p>\t\t\t\t\t\t<\/div>\n\t\t\t\t<\/div>\n\t\t\t\t<\/div>\n\t\t\t\t<\/div>\n\t\t\t\t\t<\/div>\n\t\t\t\t<\/div>\n\t\t<div class=\"elementor-element elementor-element-cc0ffff e-con-full e-flex e-con e-parent\" data-id=\"cc0ffff\" data-element_type=\"container\" data-settings=\"{&quot;content_width&quot;:&quot;full&quot;,&quot;jet_parallax_layout_list&quot;:[]}\" data-core-v316-plus=\"true\">\n\t\t\t\t<div class=\"elementor-element elementor-element-2608286 elementor-widget elementor-widget-jet-map\" data-id=\"2608286\" data-element_type=\"widget\" data-widget_type=\"jet-map.default\">\n\t\t\t\t<div class=\"elementor-widget-container\">\n\t\t\t<div class=\"jet-map-message\"><div class=\"jet-map-message__dammy-map\"><\/div><span class=\"jet-map-message__text\">Coordinates of this location not found<\/span><\/div>\t\t<\/div>\n\t\t\t\t<\/div>\n\t\t\t\t<\/div>\n\t\t\t\t\t\t\t<\/div>\n\t\t","protected":false},"excerpt":{"rendered":"<p>Contactenos De Lorenzi Miccich\u00e9 Scalera Spada Avvocati Associati Via Cesare Battisti, 11 \u2013 20122 MilanoTel. +39 02 84073250Fax +39 02 39292764e-mail: info@dlms.it Parqueadero vigilado a 100 metros de distancia en v\u00eda Corridoni. Trabaje Con Nosotros La firma tiene inter\u00e9s en recibir candidaturas de j\u00f3venes talentosos deseosos de desarrollar su potencial. Los interesados pueden enviar su [&hellip;]<\/p>\n","protected":false},"author":1,"featured_media":2212,"parent":0,"menu_order":0,"comment_status":"closed","ping_status":"closed","template":"","meta":{"footnotes":""},"yoast_head":"<!-- This site is optimized with the Yoast SEO plugin v21.4 - https:\/\/yoast.com\/wordpress\/plugins\/seo\/ -->\n<title>Contactenos - De Lorenzi Miccich\u00e8 Scalera Spada - Studio Legale<\/title>\n<meta name=\"robots\" content=\"index, follow, max-snippet:-1, max-image-preview:large, max-video-preview:-1\" \/>\n<link rel=\"canonical\" href=\"https:\/\/www.dlms.it\/es\/contactenos\/\" \/>\n<meta property=\"og:locale\" content=\"es_ES\" \/>\n<meta property=\"og:type\" content=\"article\" \/>\n<meta property=\"og:title\" content=\"Contactenos - De Lorenzi Miccich\u00e8 Scalera Spada - Studio Legale\" \/>\n<meta property=\"og:description\" content=\"Contactenos De Lorenzi Miccich\u00e9 Scalera Spada Avvocati Associati Via Cesare Battisti, 11 \u2013 20122 MilanoTel. +39 02 84073250Fax +39 02 39292764e-mail: info@dlms.it Parqueadero vigilado a 100 metros de distancia en v\u00eda Corridoni. Trabaje Con Nosotros La firma tiene inter\u00e9s en recibir candidaturas de j\u00f3venes talentosos deseosos de desarrollar su potencial. Los interesados pueden enviar su [&hellip;]\" \/>\n<meta property=\"og:url\" content=\"https:\/\/www.dlms.it\/es\/contactenos\/\" \/>\n<meta property=\"og:site_name\" content=\"De Lorenzi Miccich\u00e8 Scalera Spada - Studio Legale\" \/>\n<meta property=\"article:modified_time\" content=\"2023-10-19T12:40:21+00:00\" \/>\n<meta property=\"og:image\" content=\"https:\/\/www.dlms.it\/wp-content\/uploads\/2023\/09\/dlms_studio_legale_contatti_milano.jpg\" \/>\n\t<meta property=\"og:image:width\" content=\"1920\" \/>\n\t<meta property=\"og:image:height\" content=\"560\" \/>\n\t<meta property=\"og:image:type\" content=\"image\/jpeg\" \/>\n<meta name=\"twitter:card\" content=\"summary_large_image\" \/>\n<meta name=\"twitter:label1\" content=\"Tiempo de lectura\" \/>\n\t<meta name=\"twitter:data1\" content=\"10 minutos\" \/>\n<script type=\"application\/ld+json\" class=\"yoast-schema-graph\">{\"@context\":\"https:\/\/schema.org\",\"@graph\":[{\"@type\":\"WebPage\",\"@id\":\"https:\/\/www.dlms.it\/es\/contactenos\/\",\"url\":\"https:\/\/www.dlms.it\/es\/contactenos\/\",\"name\":\"Contactenos - De Lorenzi Miccich\u00e8 Scalera Spada - Studio Legale\",\"isPartOf\":{\"@id\":\"https:\/\/www.dlms.it\/#website\"},\"datePublished\":\"2023-07-19T07:32:35+00:00\",\"dateModified\":\"2023-10-19T12:40:21+00:00\",\"breadcrumb\":{\"@id\":\"https:\/\/www.dlms.it\/es\/contactenos\/#breadcrumb\"},\"inLanguage\":\"es\",\"potentialAction\":[{\"@type\":\"ReadAction\",\"target\":[\"https:\/\/www.dlms.it\/es\/contactenos\/\"]}]},{\"@type\":\"BreadcrumbList\",\"@id\":\"https:\/\/www.dlms.it\/es\/contactenos\/#breadcrumb\",\"itemListElement\":[{\"@type\":\"ListItem\",\"position\":1,\"name\":\"Home\",\"item\":\"https:\/\/www.dlms.it\/es\/\"},{\"@type\":\"ListItem\",\"position\":2,\"name\":\"Contactenos\"}]},{\"@type\":\"WebSite\",\"@id\":\"https:\/\/www.dlms.it\/#website\",\"url\":\"https:\/\/www.dlms.it\/\",\"name\":\"De Lorenzi Miccich\u00e8 Scalera Spada - Studio Legale\",\"description\":\"\",\"publisher\":{\"@id\":\"https:\/\/www.dlms.it\/#organization\"},\"potentialAction\":[{\"@type\":\"SearchAction\",\"target\":{\"@type\":\"EntryPoint\",\"urlTemplate\":\"https:\/\/www.dlms.it\/?s={search_term_string}\"},\"query-input\":\"required name=search_term_string\"}],\"inLanguage\":\"es\"},{\"@type\":\"Organization\",\"@id\":\"https:\/\/www.dlms.it\/#organization\",\"name\":\"De Lorenzi Miccich\u00e8 Scalera Spada - Studio Legale\",\"url\":\"https:\/\/www.dlms.it\/\",\"logo\":{\"@type\":\"ImageObject\",\"inLanguage\":\"es\",\"@id\":\"https:\/\/www.dlms.it\/#\/schema\/logo\/image\/\",\"url\":\"https:\/\/www.dlms.it\/wp-content\/uploads\/2023\/04\/logo.svg\",\"contentUrl\":\"https:\/\/www.dlms.it\/wp-content\/uploads\/2023\/04\/logo.svg\",\"width\":588.486,\"height\":33.624,\"caption\":\"De Lorenzi Miccich\u00e8 Scalera Spada - Studio Legale\"},\"image\":{\"@id\":\"https:\/\/www.dlms.it\/#\/schema\/logo\/image\/\"}}]}<\/script>\n<!-- \/ Yoast SEO plugin. -->","yoast_head_json":{"title":"Contactenos - De Lorenzi Miccich\u00e8 Scalera Spada - Studio Legale","robots":{"index":"index","follow":"follow","max-snippet":"max-snippet:-1","max-image-preview":"max-image-preview:large","max-video-preview":"max-video-preview:-1"},"canonical":"https:\/\/www.dlms.it\/es\/contactenos\/","og_locale":"es_ES","og_type":"article","og_title":"Contactenos - De Lorenzi Miccich\u00e8 Scalera Spada - Studio Legale","og_description":"Contactenos De Lorenzi Miccich\u00e9 Scalera Spada Avvocati Associati Via Cesare Battisti, 11 \u2013 20122 MilanoTel. +39 02 84073250Fax +39 02 39292764e-mail: info@dlms.it Parqueadero vigilado a 100 metros de distancia en v\u00eda Corridoni. Trabaje Con Nosotros La firma tiene inter\u00e9s en recibir candidaturas de j\u00f3venes talentosos deseosos de desarrollar su potencial. Los interesados pueden enviar su [&hellip;]","og_url":"https:\/\/www.dlms.it\/es\/contactenos\/","og_site_name":"De Lorenzi Miccich\u00e8 Scalera Spada - Studio Legale","article_modified_time":"2023-10-19T12:40:21+00:00","og_image":[{"width":1920,"height":560,"url":"https:\/\/www.dlms.it\/wp-content\/uploads\/2023\/09\/dlms_studio_legale_contatti_milano.jpg","type":"image\/jpeg"}],"twitter_card":"summary_large_image","twitter_misc":{"Tiempo de lectura":"10 minutos"},"schema":{"@context":"https:\/\/schema.org","@graph":[{"@type":"WebPage","@id":"https:\/\/www.dlms.it\/es\/contactenos\/","url":"https:\/\/www.dlms.it\/es\/contactenos\/","name":"Contactenos - De Lorenzi Miccich\u00e8 Scalera Spada - Studio Legale","isPartOf":{"@id":"https:\/\/www.dlms.it\/#website"},"datePublished":"2023-07-19T07:32:35+00:00","dateModified":"2023-10-19T12:40:21+00:00","breadcrumb":{"@id":"https:\/\/www.dlms.it\/es\/contactenos\/#breadcrumb"},"inLanguage":"es","potentialAction":[{"@type":"ReadAction","target":["https:\/\/www.dlms.it\/es\/contactenos\/"]}]},{"@type":"BreadcrumbList","@id":"https:\/\/www.dlms.it\/es\/contactenos\/#breadcrumb","itemListElement":[{"@type":"ListItem","position":1,"name":"Home","item":"https:\/\/www.dlms.it\/es\/"},{"@type":"ListItem","position":2,"name":"Contactenos"}]},{"@type":"WebSite","@id":"https:\/\/www.dlms.it\/#website","url":"https:\/\/www.dlms.it\/","name":"De Lorenzi Miccich\u00e8 Scalera Spada - Studio Legale","description":"","publisher":{"@id":"https:\/\/www.dlms.it\/#organization"},"potentialAction":[{"@type":"SearchAction","target":{"@type":"EntryPoint","urlTemplate":"https:\/\/www.dlms.it\/?s={search_term_string}"},"query-input":"required name=search_term_string"}],"inLanguage":"es"},{"@type":"Organization","@id":"https:\/\/www.dlms.it\/#organization","name":"De Lorenzi Miccich\u00e8 Scalera Spada - Studio Legale","url":"https:\/\/www.dlms.it\/","logo":{"@type":"ImageObject","inLanguage":"es","@id":"https:\/\/www.dlms.it\/#\/schema\/logo\/image\/","url":"https:\/\/www.dlms.it\/wp-content\/uploads\/2023\/04\/logo.svg","contentUrl":"https:\/\/www.dlms.it\/wp-content\/uploads\/2023\/04\/logo.svg","width":588.486,"height":33.624,"caption":"De Lorenzi Miccich\u00e8 Scalera Spada - Studio Legale"},"image":{"@id":"https:\/\/www.dlms.it\/#\/schema\/logo\/image\/"}}]}},"_links":{"self":[{"href":"https:\/\/www.dlms.it\/es\/wp-json\/wp\/v2\/pages\/2462"}],"collection":[{"href":"https:\/\/www.dlms.it\/es\/wp-json\/wp\/v2\/pages"}],"about":[{"href":"https:\/\/www.dlms.it\/es\/wp-json\/wp\/v2\/types\/page"}],"author":[{"embeddable":true,"href":"https:\/\/www.dlms.it\/es\/wp-json\/wp\/v2\/users\/1"}],"replies":[{"embeddable":true,"href":"https:\/\/www.dlms.it\/es\/wp-json\/wp\/v2\/comments?post=2462"}],"version-history":[{"count":8,"href":"https:\/\/www.dlms.it\/es\/wp-json\/wp\/v2\/pages\/2462\/revisions"}],"predecessor-version":[{"id":2819,"href":"https:\/\/www.dlms.it\/es\/wp-json\/wp\/v2\/pages\/2462\/revisions\/2819"}],"wp:featuredmedia":[{"embeddable":true,"href":"https:\/\/www.dlms.it\/es\/wp-json\/wp\/v2\/media\/2212"}],"wp:attachment":[{"href":"https:\/\/www.dlms.it\/es\/wp-json\/wp\/v2\/media?parent=2462"}],"curies":[{"name":"wp","href":"https:\/\/api.w.org\/{rel}","templated":true}]}}